{"id":3481,"date":"2025-06-10T09:46:05","date_gmt":"2025-06-10T09:46:05","guid":{"rendered":"https:\/\/garraf.digital\/?page_id=3481"},"modified":"2025-06-12T18:38:24","modified_gmt":"2025-06-12T18:38:24","slug":"ziba-banys","status":"publish","type":"page","link":"https:\/\/garraf.digital\/ca\/proyectos\/ziba-banos\/","title":{"rendered":"Ziba Banys"},"content":{"rendered":"<div class=\"wp-block-uagb-container uagb-layout-grid uagb-block-e63185fe alignfull uagb-is-root-container\"><div class=\"uagb-container-inner-blocks-wrap\">\n<div class=\"wp-block-uagb-advanced-heading uagb-block-6e7b9816\"><div class=\"uagb-separator\"><\/div><p class=\"uagb-heading-text\">Your Attractive Heading<\/p><\/div>\n\n\n\n<div class=\"wp-block-uagb-advanced-heading uagb-block-88cbb78a\"><h1 class=\"uagb-heading-text\">Ziba Banys<\/h1><\/div>\n<\/div><\/div>\n\n\n\n<div class=\"wp-block-uagb-container uagb-block-c5754b26 alignfull uagb-is-root-container\"><div class=\"uagb-container-inner-blocks-wrap\">\n<div class=\"wp-block-uagb-container uagb-block-f1becc27 alignfull uagb-is-root-container\"><div class=\"uagb-container-inner-blocks-wrap\">\n<div class=\"wp-block-uagb-container uagb-block-67eb694d\">\n<div class=\"wp-block-uagb-info-box uagb-block-dcd989b1 uagb-infobox__content-wrap  uagb-infobox-icon-above-title uagb-infobox-image-valign-top\"><div class=\"uagb-ifb-content\"><div class=\"uagb-ifb-title-wrap\"><h5 class=\"uagb-ifb-title\">Disseny i desenvolupament web<\/h5><\/div><\/div><\/div>\n<\/div>\n\n\n\n<div class=\"wp-block-uagb-container uagb-block-6fcc500f\">\n<div class=\"wp-block-uagb-info-box uagb-block-e56d5974 uagb-infobox__content-wrap  uagb-infobox-icon-above-title uagb-infobox-image-valign-top\"><div class=\"uagb-ifb-content\"><div class=\"uagb-ifb-title-wrap\"><h5 class=\"uagb-ifb-title\">Optimitzaci\u00f3 SEO Local<\/h5><\/div><\/div><\/div>\n<\/div>\n<\/div><\/div>\n<\/div><\/div>\n\n\n\n<div class=\"wp-block-uagb-container uagb-block-1b47610a alignfull uagb-is-root-container\"><div class=\"uagb-container-inner-blocks-wrap\">\n<div class=\"wp-block-uagb-container uagb-block-486cbca5\">\n<div class=\"wp-block-uagb-container uagb-layout-grid uagb-block-264b9815\">\n<div class=\"wp-block-uagb-image uagb-block-d2060738 wp-block-uagb-image--layout-default wp-block-uagb-image--effect-zoomin wp-block-uagb-image--align-none\"><figure class=\"wp-block-uagb-image__figure\"><img decoding=\"async\" srcset=\"https:\/\/garraf.digital\/wp-content\/uploads\/2025\/06\/ziba-banos.jpg ,https:\/\/garraf.digital\/wp-content\/uploads\/2025\/06\/ziba-banos.jpg 780w, https:\/\/garraf.digital\/wp-content\/uploads\/2025\/06\/ziba-banos.jpg 360w\" sizes=\"auto, (max-width: 480px) 150px\" src=\"https:\/\/garraf.digital\/wp-content\/uploads\/2025\/06\/ziba-banos.jpg\" alt=\"\" class=\"uag-image-3364\" width=\"300\" height=\"300\" title=\"ziba-bans\" loading=\"lazy\" role=\"img\"\/><\/figure><\/div>\n\n\n\n<div class=\"wp-block-group is-layout-constrained wp-block-group-is-layout-constrained\">\n<div class=\"wp-block-uagb-advanced-heading uagb-block-dea4da72\"><h3 class=\"uagb-heading-text\"><strong><strong>Pres\u00e8ncia en l\u00ednia efectiva per a una empresa de reformes a Bilbao<\/strong><br><\/strong><\/h3><\/div>\n\n\n\n<p>ZIBA Ba\u00f1os \u00e9s una empresa especialitzada en reformes de banys a Bilbao, amb serveis que abasten tamb\u00e9 cuines i reformes integrals. El seu objectiu era disposar d&#039;una p\u00e0gina web funcional, senzilla i visual que serv\u00eds com a aparador digital per mostrar als seus clients el tipus de feines que fan i facilitar el contacte directe.<\/p>\n<\/div>\n<\/div>\n<\/div>\n<\/div><\/div>\n\n\n\n<div class=\"wp-block-uagb-container uagb-block-d2c380e1 alignfull uagb-is-root-container\"><div class=\"uagb-container-inner-blocks-wrap\">\n<div class=\"wp-block-uagb-container uagb-block-16f8c7bd\">\n<div class=\"wp-block-uagb-container uagb-layout-grid uagb-block-fea9529a\">\n<div class=\"wp-block-group is-layout-constrained wp-block-group-is-layout-constrained\">\n<div class=\"wp-block-uagb-advanced-heading uagb-block-1375dd8b\"><h3 class=\"uagb-heading-text\">Reptes del projecte<\/h3><\/div>\n\n\n\n<p>El repte principal era trobar l&#039;equilibri entre simplicitat, disseny i posicionament. Es tractava d&#039;una web que havia de ser f\u00e0cil de gestionar per part del client, visualment atractiva i, alhora, optimitzada per destacar a les cerques locals del seu sector a Bilbao i rodalies.<\/p>\n\n\n\n<div class=\"wp-block-uagb-advanced-heading uagb-block-0756b6dc\"><h3 class=\"uagb-heading-text\">Solucions implementades<\/h3><\/div>\n\n\n\n<ul class=\"wp-block-list\">\n<li><strong>Disseny i desenvolupament web a WordPress<\/strong>, amb estructura modular per facilitar futures ampliacions i permetre al client actualitzar imatges i continguts sense coneixements t\u00e8cnics.<\/li>\n\n\n\n<li><strong>Optimitzaci\u00f3 SEO local<\/strong>, adaptant textos, t\u00edtols i estructura per refor\u00e7ar el posicionament en termes clau com a \u201creforma de bany a Bilbao\u201d.<\/li>\n\n\n\n<li><strong>Enfocament visual a la presentaci\u00f3 de treballs<\/strong>, amb galeries organitzades i trucades a l&#039;acci\u00f3 orientades a captar contactes interessats.<\/li>\n<\/ul>\n<\/div>\n\n\n\n<div class=\"wp-block-uagb-image aligncenter uagb-block-f7cfaa24 wp-block-uagb-image--layout-default wp-block-uagb-image--effect-zoomin wp-block-uagb-image--align-center\"><figure class=\"wp-block-uagb-image__figure\"><img decoding=\"async\" srcset=\"https:\/\/garraf.digital\/wp-content\/uploads\/2025\/06\/12832384_5098600.svg ,https:\/\/garraf.digital\/wp-content\/uploads\/2025\/06\/12832384_5098600.svg 780w, https:\/\/garraf.digital\/wp-content\/uploads\/2025\/06\/12832384_5098600.svg 360w\" sizes=\"auto, (max-width: 480px) 150px\" src=\"https:\/\/garraf.digital\/wp-content\/uploads\/2025\/06\/12832384_5098600.svg\" alt=\"\" class=\"uag-image-3405\" width=\"500\" height=\"500\" title=\"12832384_5098600\" loading=\"lazy\" role=\"img\"\/><\/figure><\/div>\n<\/div>\n<\/div>\n<\/div><\/div>\n\n\n\n<div class=\"wp-block-uagb-container uagb-block-09cc4b84 alignfull uagb-is-root-container\"><div class=\"uagb-container-inner-blocks-wrap\">\n<div class=\"wp-block-uagb-container uagb-layout-flex uagb-block-14ee5ce5\">\n<div class=\"wp-block-group is-layout-constrained wp-block-group-is-layout-constrained\">\n<div class=\"wp-block-uagb-advanced-heading uagb-block-88b85f84\"><h3 class=\"uagb-heading-text\">Resultat<\/h3><\/div>\n\n\n\n<p>ZIBA Ba\u00f1os compta ara amb una web moderna, clara i perfectament alineada amb el perfil d&#039;empresa: professional, propera i especialitzada. L&#039;estructura de continguts permet destacar els principals serveis, mostrar projectes acabats amb qualitat visual i captar nous clients des de cercadors locals, sense necessitat de campanyes addicionals.<\/p>\n<\/div>\n<\/div>\n<\/div><\/div>\n\n\n\n<div class=\"wp-block-uagb-container uagb-block-16317e25 alignfull uagb-is-root-container\"><div class=\"uagb-container-inner-blocks-wrap\">\t\t\t\t\t<div\n\t\t\t\t\t\tclass=\"wp-block-uagb-image-gallery uagb-block-5bfe47f6\"\n\t\t\t\t\t\tstyle=\"\"\n\t\t\t\t\t>\n\t\t\t\t\t\t\t\t\t\t\t<div class=\"spectra-image-gallery spectra-image-gallery__layout--grid spectra-image-gallery__layout--grid-col-3 spectra-image-gallery__layout--grid-col-tab-3 spectra-image-gallery__layout--grid-col-mob-1\">\n\t\t\t\t\t\t\t\t\t\t\t<div class='spectra-image-gallery__media-wrapper' data-spectra-gallery-image-id='3482' tabindex=\"0\">\n\t\t\t\t\t\t\t<div class=\"spectra-image-gallery__media spectra-image-gallery__media--grid\">\n\t\t\t\t<picture>\n\t\t\t\t\t<source media=\"(min-width: 1024px)\" srcset=\"https:\/\/garraf.digital\/wp-content\/uploads\/2025\/06\/01-2-scaled.png\">\n\t\t\t\t\t<source media=\"(min-width: 768px)\" srcset=\"https:\/\/garraf.digital\/wp-content\/uploads\/2025\/06\/01-2-scaled.png\">\n\t\t\t\t\t<img decoding=\"async\" class=\"spectra-image-gallery__media-thumbnail spectra-image-gallery__media-thumbnail--grid\" src=\"https:\/\/garraf.digital\/wp-content\/uploads\/2025\/06\/01-2-scaled.png\" alt=\"\" loading=\"lazy\" \/>\n\t\t\t\t<\/picture>\n\t\t\t\t<div class=\"spectra-image-gallery__media-thumbnail-blurrer\"><\/div>\n\t\t\t\t\t\t\t\t\t\t\t<div class=\"spectra-image-gallery__media-thumbnail-caption-wrapper spectra-image-gallery__media-thumbnail-caption-wrapper--overlay\">\n\t\t\t\t\t\t\t\t\t\t\t<div class=\"spectra-image-gallery__media-thumbnail-caption spectra-image-gallery__media-thumbnail-caption--overlay\">\n\t\t\t\t\tP\u00e0gina d&#039;inici\t\t\t\t<\/div>\n\t\t\t\t\t\t\t\t\t\t<\/div>\n\t\t\t\t\t\t\t\t\t<\/div>\n\t\t\t\t\t\t<\/div>\n\t\t\t\t\t\t<div class='spectra-image-gallery__media-wrapper' data-spectra-gallery-image-id='3483' tabindex=\"0\">\n\t\t\t\t\t\t\t<div class=\"spectra-image-gallery__media spectra-image-gallery__media--grid\">\n\t\t\t\t<picture>\n\t\t\t\t\t<source media=\"(min-width: 1024px)\" srcset=\"https:\/\/garraf.digital\/wp-content\/uploads\/2025\/06\/02-2-scaled.png\">\n\t\t\t\t\t<source media=\"(min-width: 768px)\" srcset=\"https:\/\/garraf.digital\/wp-content\/uploads\/2025\/06\/02-2-scaled.png\">\n\t\t\t\t\t<img decoding=\"async\" class=\"spectra-image-gallery__media-thumbnail spectra-image-gallery__media-thumbnail--grid\" src=\"https:\/\/garraf.digital\/wp-content\/uploads\/2025\/06\/02-2-scaled.png\" alt=\"\" loading=\"lazy\" \/>\n\t\t\t\t<\/picture>\n\t\t\t\t<div class=\"spectra-image-gallery__media-thumbnail-blurrer\"><\/div>\n\t\t\t\t\t\t\t\t\t\t\t<div class=\"spectra-image-gallery__media-thumbnail-caption-wrapper spectra-image-gallery__media-thumbnail-caption-wrapper--overlay\">\n\t\t\t\t\t\t\t\t\t\t\t<div class=\"spectra-image-gallery__media-thumbnail-caption spectra-image-gallery__media-thumbnail-caption--overlay\">\n\t\t\t\t\tSobre Ziba Banys\t\t\t\t<\/div>\n\t\t\t\t\t\t\t\t\t\t<\/div>\n\t\t\t\t\t\t\t\t\t<\/div>\n\t\t\t\t\t\t<\/div>\n\t\t\t\t\t\t<div class='spectra-image-gallery__media-wrapper' data-spectra-gallery-image-id='3484' tabindex=\"0\">\n\t\t\t\t\t\t\t<div class=\"spectra-image-gallery__media spectra-image-gallery__media--grid\">\n\t\t\t\t<picture>\n\t\t\t\t\t<source media=\"(min-width: 1024px)\" srcset=\"https:\/\/garraf.digital\/wp-content\/uploads\/2025\/06\/03-2-scaled.png\">\n\t\t\t\t\t<source media=\"(min-width: 768px)\" srcset=\"https:\/\/garraf.digital\/wp-content\/uploads\/2025\/06\/03-2-scaled.png\">\n\t\t\t\t\t<img decoding=\"async\" class=\"spectra-image-gallery__media-thumbnail spectra-image-gallery__media-thumbnail--grid\" src=\"https:\/\/garraf.digital\/wp-content\/uploads\/2025\/06\/03-2-scaled.png\" alt=\"\" loading=\"lazy\" \/>\n\t\t\t\t<\/picture>\n\t\t\t\t<div class=\"spectra-image-gallery__media-thumbnail-blurrer\"><\/div>\n\t\t\t\t\t\t\t\t\t\t\t<div class=\"spectra-image-gallery__media-thumbnail-caption-wrapper spectra-image-gallery__media-thumbnail-caption-wrapper--overlay\">\n\t\t\t\t\t\t\t\t\t\t\t<div class=\"spectra-image-gallery__media-thumbnail-caption spectra-image-gallery__media-thumbnail-caption--overlay\">\n\t\t\t\t\tServeis\t\t\t\t<\/div>\n\t\t\t\t\t\t\t\t\t\t<\/div>\n\t\t\t\t\t\t\t\t\t<\/div>\n\t\t\t\t\t\t<\/div>\n\t\t\t\t\t\t\t\t\t\t<\/div>\n\t\t\t\t\t\t\t\t\t\t\t\t\t\t\t\t\t\t<\/div>\n\t\t\t\t\t\t\t\t\t\t\t<div class='spectra-image-gallery__control-lightbox' tabindex='0'>\n\t\t\t\t\t\t\t\t\t\t\t<div class=\"swiper spectra-image-gallery__control-lightbox--main\" dir=\"\">\n\t\t\t\t\t<div class=\"swiper-wrapper\">\n\t\t\t\t\t\t\t\t\t\t\t\t\t\n\t\t\t\t\t\t\t<div class=\"swiper-slide\">\n\t\t\t\t\t\t\t\t<img class=\"swiper-lazy\" data-src=\"https:\/\/garraf.digital\/wp-content\/uploads\/2025\/06\/01-2-scaled.png\" alt=\"\"\/>\n\t\t\t\t\t\t\t\t<div class=\"swiper-lazy-preloader swiper-lazy-preloader-white\"><\/div>\n\t\t\t\t\t\t\t\t\t\t\t\t\t\t\t<\/div>\n\t\t\t\t\t\t\t\t\t\t\t\t\t\n\t\t\t\t\t\t\t<div class=\"swiper-slide\">\n\t\t\t\t\t\t\t\t<img class=\"swiper-lazy\" data-src=\"https:\/\/garraf.digital\/wp-content\/uploads\/2025\/06\/02-2-scaled.png\" alt=\"\"\/>\n\t\t\t\t\t\t\t\t<div class=\"swiper-lazy-preloader swiper-lazy-preloader-white\"><\/div>\n\t\t\t\t\t\t\t\t\t\t\t\t\t\t\t<\/div>\n\t\t\t\t\t\t\t\t\t\t\t\t\t\n\t\t\t\t\t\t\t<div class=\"swiper-slide\">\n\t\t\t\t\t\t\t\t<img class=\"swiper-lazy\" data-src=\"https:\/\/garraf.digital\/wp-content\/uploads\/2025\/06\/03-2-scaled.png\" alt=\"\"\/>\n\t\t\t\t\t\t\t\t<div class=\"swiper-lazy-preloader swiper-lazy-preloader-white\"><\/div>\n\t\t\t\t\t\t\t\t\t\t\t\t\t\t\t<\/div>\n\t\t\t\t\t\t\t\t\t\t\t<\/div>\n\t\t\t\t\t<div class=\"swiper-button-next\"><\/div>\n\t\t\t\t\t<div class=\"swiper-button-prev\"><\/div>\n\t\t\t\t<\/div>\t\t\t\n\t\t\t\t\t\t\t\t\t\t\t\t\t\t\t\t\t\t\t\t\t\t\t\t\t\t\t\t\t\t\t\t<button class='spectra-image-gallery__control-lightbox--close' aria-label=\"Close\">\n\t\t\t\t\t\t\t\t\t\t\t\t\t<svg xmlns=\"https:\/\/www.w3.org\/2000\/svg\" viewbox= \"0 0 320 512\"><path d=\"M310.6 361.4c12.5 12.5 12.5 32.75 0 45.25C304.4 412.9 296.2 416 288 416s-16.38-3.125-22.62-9.375L160 301.3L54.63 406.6C48.38 412.9 40.19 416 32 416S15.63 412.9 9.375 406.6c-12.5-12.5-12.5-32.75 0-45.25l105.4-105.4L9.375 150.6c-12.5-12.5-12.5-32.75 0-45.25s32.75-12.5 45.25 0L160 210.8l105.4-105.4c12.5-12.5 32.75-12.5 45.25 0s12.5 32.75 0 45.25l-105.4 105.4L310.6 361.4z\"><\/path><\/svg>\n\t\t\t\t\t\t\t\t\t\t\t\t<\/button>\n\t\t\t\t\t\t\t\t\t\t\t\t\t<\/div>\n\t\t\t\t\t\t\t\t\t<\/div><\/div>\n\n\n\n<div class=\"wp-block-uagb-container uagb-block-7dc28ad9 alignfull uagb-is-root-container\"><div class=\"uagb-container-inner-blocks-wrap\">\n<div class=\"wp-block-uagb-buttons uagb-buttons__outer-wrap uagb-btn__default-btn uagb-btn-tablet__default-btn uagb-btn-mobile__default-btn uagb-block-2bdfcd29\"><div class=\"uagb-buttons__wrap uagb-buttons-layout-wrap\">\n<div class=\"wp-block-uagb-buttons-child uagb-buttons__outer-wrap uagb-block-bed856e5 wp-block-button\"><div class=\"uagb-button__wrapper\"><a class=\"uagb-buttons-repeater wp-block-button__link\" aria-label=\"\" href=\"https:\/\/zibabanos.com\" rel=\"follow noopener\" target=\"_blank\" role=\"button\"><div class=\"uagb-button__link\">Visitar web<\/div><\/a><\/div><\/div>\n<\/div><\/div>\n<\/div><\/div>","protected":false},"excerpt":{"rendered":"<p>Your Attractive Heading Ziba Ba\u00f1os Presencia online efectiva para una empresa de reformas en Bilbao ZIBA Ba\u00f1os es una empresa especializada en reformas de ba\u00f1os en Bilbao, con servicios que abarcan tambi\u00e9n cocinas y reformas integrales. Su objetivo era disponer de una p\u00e1gina web funcional, sencilla y visual que sirviera como escaparate digital para mostrar [&hellip;]<\/p>\n","protected":false},"author":1,"featured_media":0,"parent":59,"menu_order":0,"comment_status":"closed","ping_status":"closed","template":"","meta":{"_uag_custom_page_level_css":"","site-sidebar-layout":"default","site-content-layout":"","ast-site-content-layout":"default","site-content-style":"default","site-sidebar-style":"default","ast-global-header-display":"","ast-banner-title-visibility":"","ast-main-header-display":"","ast-hfb-above-header-display":"","ast-hfb-below-header-display":"","ast-hfb-mobile-header-display":"","site-post-title":"","ast-breadcrumbs-content":"","ast-featured-img":"","footer-sml-layout":"","ast-disable-related-posts":"","theme-transparent-header-meta":"","adv-header-id-meta":"","stick-header-meta":"","header-above-stick-meta":"","header-main-stick-meta":"","header-below-stick-meta":"","astra-migrate-meta-layouts":"set","ast-page-background-enabled":"default","ast-page-background-meta":{"desktop":{"background-color":"var(--ast-global-color-4)","background-image":"","background-repeat":"repeat","background-position":"center center","background-size":"auto","background-attachment":"scroll","background-type":"","background-media":"","overlay-type":"","overlay-color":"","overlay-opacity":"","overlay-gradient":""},"tablet":{"background-color":"","background-image":"","background-repeat":"repeat","background-position":"center center","background-size":"auto","background-attachment":"scroll","background-type":"","background-media":"","overlay-type":"","overlay-color":"","overlay-opacity":"","overlay-gradient":""},"mobile":{"background-color":"","background-image":"","background-repeat":"repeat","background-position":"center center","background-size":"auto","background-attachment":"scroll","background-type":"","background-media":"","overlay-type":"","overlay-color":"","overlay-opacity":"","overlay-gradient":""}},"ast-content-background-meta":{"desktop":{"background-color":"var(--ast-global-color-5)","background-image":"","background-repeat":"repeat","background-position":"center center","background-size":"auto","background-attachment":"scroll","background-type":"","background-media":"","overlay-type":"","overlay-color":"","overlay-opacity":"","overlay-gradient":""},"tablet":{"background-color":"var(--ast-global-color-5)","background-image":"","background-repeat":"repeat","background-position":"center center","background-size":"auto","background-attachment":"scroll","background-type":"","background-media":"","overlay-type":"","overlay-color":"","overlay-opacity":"","overlay-gradient":""},"mobile":{"background-color":"var(--ast-global-color-5)","background-image":"","background-repeat":"repeat","background-position":"center center","background-size":"auto","background-attachment":"scroll","background-type":"","background-media":"","overlay-type":"","overlay-color":"","overlay-opacity":"","overlay-gradient":""}},"footnotes":""},"class_list":["post-3481","page","type-page","status-publish","hentry"],"uagb_featured_image_src":{"full":false,"thumbnail":false,"medium":false,"medium_large":false,"large":false,"1536x1536":false,"2048x2048":false,"trp-custom-language-flag":false},"uagb_author_info":{"display_name":"jhmarina@gmail.com","author_link":"https:\/\/garraf.digital\/ca\/author\/jhmarinagmail-com\/"},"uagb_comment_info":0,"uagb_excerpt":"Your Attractive Heading Ziba Ba\u00f1os Presencia online efectiva para una empresa de reformas en Bilbao ZIBA Ba\u00f1os es una empresa especializada en reformas de ba\u00f1os en Bilbao, con servicios que abarcan tambi\u00e9n cocinas y reformas integrales. Su objetivo era disponer de una p\u00e1gina web funcional, sencilla y visual que sirviera como escaparate digital para mostrar&hellip;","_links":{"self":[{"href":"https:\/\/garraf.digital\/ca\/wp-json\/wp\/v2\/pages\/3481","targetHints":{"allow":["GET"]}}],"collection":[{"href":"https:\/\/garraf.digital\/ca\/wp-json\/wp\/v2\/pages"}],"about":[{"href":"https:\/\/garraf.digital\/ca\/wp-json\/wp\/v2\/types\/page"}],"author":[{"embeddable":true,"href":"https:\/\/garraf.digital\/ca\/wp-json\/wp\/v2\/users\/1"}],"replies":[{"embeddable":true,"href":"https:\/\/garraf.digital\/ca\/wp-json\/wp\/v2\/comments?post=3481"}],"version-history":[{"count":6,"href":"https:\/\/garraf.digital\/ca\/wp-json\/wp\/v2\/pages\/3481\/revisions"}],"predecessor-version":[{"id":3745,"href":"https:\/\/garraf.digital\/ca\/wp-json\/wp\/v2\/pages\/3481\/revisions\/3745"}],"up":[{"embeddable":true,"href":"https:\/\/garraf.digital\/ca\/wp-json\/wp\/v2\/pages\/59"}],"wp:attachment":[{"href":"https:\/\/garraf.digital\/ca\/wp-json\/wp\/v2\/media?parent=3481"}],"curies":[{"name":"wp","href":"https:\/\/api.w.org\/{rel}","templated":true}]}}