{"id":3680,"date":"2025-06-12T11:53:31","date_gmt":"2025-06-12T11:53:31","guid":{"rendered":"https:\/\/garraf.digital\/?page_id=3680"},"modified":"2026-03-24T22:26:10","modified_gmt":"2026-03-24T22:26:10","slug":"posicionament-web-garraf","status":"publish","type":"page","link":"https:\/\/garraf.digital\/ca\/servicios\/posicionamiento-web-garraf\/","title":{"rendered":"Posicionament Web Garraf"},"content":{"rendered":"<div class=\"wp-block-uagb-container uagb-layout-flex uagb-block-e63185fe alignfull uagb-is-root-container\"><div class=\"uagb-container-inner-blocks-wrap\">\n<div class=\"wp-block-uagb-advanced-heading uagb-block-88cbb78a\"><h1 class=\"uagb-heading-text\">Posicionament Web Garraf<\/h1><\/div>\n\n\n\n<div class=\"wp-block-uagb-advanced-heading uagb-block-c2bcbc5d\"><h2 class=\"uagb-heading-text\">Destaca a <mark class=\"uagb-highlight\">Google<\/mark> i <mark class=\"uagb-highlight\">Bing<\/mark> amb una web optimitzada<mark class=\"uagb-highlight\">.<\/mark><\/h2><\/div>\n\n\n\n<p class=\"has-medium-font-size\" style=\"font-style:normal;font-weight:300\">Posicionament web a Garraf. A cada projecte de disseny web aplico la meva experi\u00e8ncia com a consultor SEO perqu\u00e8 el teu negoci aparegui en els primers resultats de cerca. T&#039;ajudo a guanyar visibilitat a Google i Microsoft Bing, atraient visites de qualitat que es converteixen en clients.<\/p>\n\n\n\n<div class=\"wp-block-uagb-buttons uagb-buttons__outer-wrap uagb-btn__default-btn uagb-btn-tablet__default-btn uagb-btn-mobile__default-btn uagb-block-a9712eba\"><div class=\"uagb-buttons__wrap uagb-buttons-layout-wrap\">\n<div class=\"wp-block-uagb-buttons-child uagb-buttons__outer-wrap uagb-block-c09ea229 wp-block-button\"><div class=\"uagb-button__wrapper\"><a class=\"uagb-buttons-repeater wp-block-button__link\" aria-label=\"\" href=\"\/ca\/contacte\/\" rel=\"follow noopener\" target=\"_self\" role=\"button\"><div class=\"uagb-button__link\">Contacte<\/div><\/a><\/div><\/div>\n<\/div><\/div>\n<\/div><\/div>\n\n\n\n<div class=\"wp-block-uagb-container uagb-block-1b47610a alignfull uagb-is-root-container\"><div class=\"uagb-container-inner-blocks-wrap\">\n<div class=\"wp-block-uagb-container uagb-layout-grid uagb-block-264b9815\">\n<div class=\"wp-block-group is-layout-constrained wp-block-group-is-layout-constrained\">\n<div class=\"wp-block-uagb-advanced-heading uagb-block-dea4da72\"><h2 class=\"uagb-heading-text\">Consultor SEO, POSicionament web garraf<\/h2><\/div>\n\n\n\n<div class=\"wp-block-uagb-advanced-heading uagb-block-f960ca7f\"><h3 class=\"uagb-heading-text\">Tens una web per\u00f2 no apareix a Google?<\/h3><\/div>\n\n\n\n<p style=\"font-style:normal;font-weight:300\">Si ja tens una p\u00e0gina web, per\u00f2 els clients potencials no et troben, \u00e9s hora de treballar el SEO. Els algorismes de Google i Bing canvien constantment, i nom\u00e9s els webs que s&#039;adapten amb rapidesa aconsegueixen destacar. El posicionament org\u00e0nic no \u00e9s una opci\u00f3: \u00e9s una necessitat si vols estar davant de la teva compet\u00e8ncia.<\/p>\n\n\n\n<p style=\"font-style:normal;font-weight:300\">Des de Garraf Digital t&#039;ajudo a posicionar qualsevol lloc web, botiga en l\u00ednia o projecte, tant a nivell local com nacional o internacional, perqu\u00e8 el teu negoci guanyi visibilitat i assoleixi els seus objectius.<\/p>\n\n\n\n<div class=\"wp-block-uagb-container uagb-layout-grid uagb-block-7b1f00f3\">      \n\t\t\t<div class=\"uagb-icon-wrapper uagb-block-6e3e28ac\"\n\t\t\tstyle=\"\" >\n\t\t\t\t\t\t\t\t\t<span class=\"uagb-svg-wrapper\" \n\t\t\t\t\t aria-label=\"award\"\t\t\t\t\ttabindex=\"0\">\t\t\n\t\t\t\t\t\t\t\t\t\t<svg xmlns=\"https:\/\/www.w3.org\/2000\/svg\" viewbox= \"0 0 384 512\" role=\"graphics-symbol\" aria-hidden=\"false\" aria-label=\"\"><path d=\"M288 358.3c13.98-8.088 17.53-30.04 28.88-41.39c11.35-11.35 33.3-14.88 41.39-28.87c7.98-13.79 .1658-34.54 4.373-50.29C366.7 222.5 383.1 208.5 383.1 192c0-16.5-17.27-30.52-21.34-45.73c-4.207-15.75 3.612-36.5-4.365-50.29c-8.086-13.98-30.03-17.52-41.38-28.87c-11.35-11.35-14.89-33.3-28.87-41.39c-13.79-7.979-34.54-.1637-50.29-4.375C222.5 17.27 208.5 0 192 0C175.5 0 161.5 17.27 146.3 21.34C130.5 25.54 109.8 17.73 95.98 25.7C82 33.79 78.46 55.74 67.11 67.08C55.77 78.43 33.81 81.97 25.72 95.95C17.74 109.7 25.56 130.5 21.35 146.2C17.27 161.5 .0008 175.5 .0008 192c0 16.5 17.27 30.52 21.34 45.73c4.207 15.75-3.615 36.5 4.361 50.29C33.8 302 55.74 305.5 67.08 316.9c11.35 11.35 14.89 33.3 28.88 41.4c13.79 7.979 34.53 .1582 50.28 4.369C161.5 366.7 175.5 384 192 384c16.5 0 30.52-17.27 45.74-21.34C253.5 358.5 274.2 366.3 288 358.3zM112 192c0-44.27 35.81-80 80-80s80 35.73 80 80c0 44.17-35.81 80-80 80S112 236.2 112 192zM1.719 433.2c-3.25 8.188-1.781 17.48 3.875 24.25c5.656 6.75 14.53 9.898 23.12 8.148l45.19-9.035l21.43 42.27C99.46 507 107.6 512 116.7 512c.3438 0 .6641-.0117 1.008-.0273c9.5-.375 17.65-6.082 21.24-14.88l33.58-82.08c-53.71-4.639-102-28.12-138.2-63.95L1.719 433.2zM349.6 351.1c-36.15 35.83-84.45 59.31-138.2 63.95l33.58 82.08c3.594 8.797 11.74 14.5 21.24 14.88C266.6 511.1 266.1 512 267.3 512c9.094 0 17.23-4.973 21.35-13.14l21.43-42.28l45.19 9.035c8.594 1.75 17.47-1.398 23.12-8.148c5.656-6.766 7.125-16.06 3.875-24.25L349.6 351.1z\"><\/path><\/svg>\n\t\t\t\t\t\t\t\t\t<\/span>\n\t\t\t\t\t\t\t<\/div>\n\t\t\t\n\n\n<div class=\"wp-block-group is-layout-constrained wp-block-group-is-layout-constrained\">\n<div class=\"wp-block-uagb-advanced-heading uagb-block-1375dd8b\"><h4 class=\"uagb-heading-text\">SEO On Page: estructura, contingut i rendiment<\/h4><\/div>\n\n\n\n<p>Apliquem millores directament al teu lloc web per facilitar el seu posicionament a cercadors. Optimitzaci\u00f3 de textos, arquitectura de navegaci\u00f3, etiquetes, temps de c\u00e0rrega i experi\u00e8ncia de l&#039;usuari: tot est\u00e0 orientat a fer que Google entengui el teu contingut i el posicioni on ha d&#039;estar.<\/p>\n<\/div>\n<\/div>\n\n\n\n<div class=\"wp-block-uagb-container uagb-layout-grid uagb-block-2724ab2c\">      \n\t\t\t<div class=\"uagb-icon-wrapper uagb-block-dd6176c3\"\n\t\t\tstyle=\"\" >\n\t\t\t\t\t\t\t\t\t<span class=\"uagb-svg-wrapper\" \n\t\t\t\t\t aria-label=\"clipboard-check\"\t\t\t\t\ttabindex=\"0\">\t\t\n\t\t\t\t\t\t\t\t\t\t<svg xmlns=\"https:\/\/www.w3.org\/2000\/svg\" viewbox= \"0 0 384 512\" role=\"graphics-symbol\" aria-hidden=\"false\" aria-label=\"\"><path d=\"M336 64h-53.88C268.9 26.8 233.7 0 192 0S115.1 26.8 101.9 64H48C21.5 64 0 85.48 0 112v352C0 490.5 21.5 512 48 512h288c26.5 0 48-21.48 48-48v-352C384 85.48 362.5 64 336 64zM192 64c17.67 0 32 14.33 32 32s-14.33 32-32 32S160 113.7 160 96S174.3 64 192 64zM282.9 262.8l-88 112c-4.047 5.156-10.02 8.438-16.53 9.062C177.6 383.1 176.8 384 176 384c-5.703 0-11.25-2.031-15.62-5.781l-56-48c-10.06-8.625-11.22-23.78-2.594-33.84c8.609-10.06 23.77-11.22 33.84-2.594l36.98 31.69l72.52-92.28c8.188-10.44 23.3-12.22 33.7-4.062C289.3 237.3 291.1 252.4 282.9 262.8z\"><\/path><\/svg>\n\t\t\t\t\t\t\t\t\t<\/span>\n\t\t\t\t\t\t\t<\/div>\n\t\t\t\n\n\n<div class=\"wp-block-group is-layout-constrained wp-block-group-is-layout-constrained\">\n<div class=\"wp-block-uagb-advanced-heading uagb-block-d428bbfa\"><h4 class=\"uagb-heading-text\">SEO Off Page: autoritat i reputaci\u00f3 en l\u00ednia<\/h4><\/div>\n\n\n\n<p>Millorem la visibilitat externa de la teva web mitjan\u00e7ant enlla\u00e7os de qualitat, estrat\u00e8gies de difusi\u00f3 i creaci\u00f3 de reputaci\u00f3 digital. Augmentar l&#039;autoritat del teu domini \u00e9s clau per escalar posicions davant dels teus competidors.<\/p>\n<\/div>\n<\/div>\n\n\n\n<div class=\"wp-block-uagb-container uagb-layout-grid uagb-block-70f2e2d4\">      \n\t\t\t<div class=\"uagb-icon-wrapper uagb-block-6adc7949\"\n\t\t\tstyle=\"\" >\n\t\t\t\t\t\t\t\t\t<span class=\"uagb-svg-wrapper\" \n\t\t\t\t\t aria-label=\"searchengin\"\t\t\t\t\ttabindex=\"0\">\t\t\n\t\t\t\t\t\t\t\t\t\t<svg xmlns=\"https:\/\/www.w3.org\/2000\/svg\" viewbox= \"0 0 460 512\" role=\"graphics-symbol\" aria-hidden=\"false\" aria-label=\"\"><path d=\"M220.6 130.3l-67.2 28.2V43.2L98.7 233.5l54.7-24.2v130.3l67.2-209.3zm-83.2-96.7l-1.3 4.7-15.2 52.9C80.6 106.7 52 145.8 52 191.5c0 52.3 34.3 95.9 83.4 105.5v53.6C57.5 340.1 0 272.4 0 191.6c0-80.5 59.8-147.2 137.4-158zm311.4 447.2c-11.2 11.2-23.1 12.3-28.6 10.5-5.4-1.8-27.1-19.9-60.4-44.4-33.3-24.6-33.6-35.7-43-56.7-9.4-20.9-30.4-42.6-57.5-52.4l-9.7-14.7c-24.7 16.9-53 26.9-81.3 28.7l2.1-6.6 15.9-49.5c46.5-11.9 80.9-54 80.9-104.2 0-54.5-38.4-102.1-96-107.1V32.3C254.4 37.4 320 106.8 320 191.6c0 33.6-11.2 64.7-29 90.4l14.6 9.6c9.8 27.1 31.5 48 52.4 57.4s32.2 9.7 56.8 43c24.6 33.2 42.7 54.9 44.5 60.3s.7 17.3-10.5 28.5zm-9.9-17.9c0-4.4-3.6-8-8-8s-8 3.6-8 8 3.6 8 8 8 8-3.6 8-8z\"><\/path><\/svg>\n\t\t\t\t\t\t\t\t\t<\/span>\n\t\t\t\t\t\t\t<\/div>\n\t\t\t\n\n\n<div class=\"wp-block-group is-layout-constrained wp-block-group-is-layout-constrained\">\n<div class=\"wp-block-uagb-advanced-heading uagb-block-b7c0a4ed\"><h4 class=\"uagb-heading-text\">UX: experi\u00e8ncia de l&#039;usuari orientada al SEO<\/h4><\/div>\n\n\n\n<p>Dissenyar una web pensant en SEO no vol dir descuidar l&#039;usuari. Al contrari, una navegaci\u00f3 clara, un disseny atractiu, velocitat de c\u00e0rrega i contingut \u00fatil milloren tant l&#039;experi\u00e8ncia com el posicionament.<\/p>\n<\/div>\n<\/div>\n<\/div>\n\n\n\n<div class=\"wp-block-uagb-container uagb-block-1e2cf294\">\n<div class=\"wp-block-uagb-image uagb-block-aaa81634 wp-block-uagb-image--layout-default wp-block-uagb-image--effect-static wp-block-uagb-image--align-none\"><figure class=\"wp-block-uagb-image__figure\"><img decoding=\"async\" srcset=\"https:\/\/garraf.digital\/wp-content\/uploads\/2025\/06\/seo-1024x1024.png ,https:\/\/garraf.digital\/wp-content\/uploads\/2025\/06\/seo.png 780w, https:\/\/garraf.digital\/wp-content\/uploads\/2025\/06\/seo.png 360w\" sizes=\"auto, (max-width: 480px) 150px\" src=\"https:\/\/garraf.digital\/wp-content\/uploads\/2025\/06\/seo-1024x1024.png\" alt=\"\" class=\"uag-image-3698\" width=\"1024\" height=\"1024\" title=\"seo\" loading=\"lazy\" role=\"img\"\/><\/figure><\/div>\n\n\n\n<div class=\"wp-block-uagb-container uagb-layout-grid uagb-block-c70805bf\">      \n\t\t\t<div class=\"uagb-icon-wrapper uagb-block-1d52ef30\"\n\t\t\tstyle=\"\" >\n\t\t\t\t\t\t\t\t\t<span class=\"uagb-svg-wrapper\" \n\t\t\t\t\t aria-label=\"gears\"\t\t\t\t\ttabindex=\"0\">\t\t\n\t\t\t\t\t\t\t\t\t\t<svg xmlns=\"https:\/\/www.w3.org\/2000\/svg\" viewbox= \"0 0 640 512\" role=\"graphics-symbol\" aria-hidden=\"false\" aria-label=\"\"><path d=\"M286.3 155.1C287.4 161.9 288 168.9 288 175.1C288 183.1 287.4 190.1 286.3 196.9L308.5 216.7C315.5 223 318.4 232.1 314.7 241.7C312.4 246.1 309.9 252.2 307.1 257.2L304 262.6C300.1 267.6 297.7 272.4 294.2 277.1C288.5 284.7 278.5 287.2 269.5 284.2L241.2 274.9C230.5 283.8 218.3 290.9 205 295.9L198.1 324.9C197 334.2 189.8 341.6 180.4 342.8C173.7 343.6 166.9 344 160 344C153.1 344 146.3 343.6 139.6 342.8C130.2 341.6 122.1 334.2 121 324.9L114.1 295.9C101.7 290.9 89.5 283.8 78.75 274.9L50.53 284.2C41.54 287.2 31.52 284.7 25.82 277.1C22.28 272.4 18.98 267.5 15.94 262.5L12.92 257.2C10.13 252.2 7.592 247 5.324 241.7C1.62 232.1 4.458 223 11.52 216.7L33.7 196.9C32.58 190.1 31.1 183.1 31.1 175.1C31.1 168.9 32.58 161.9 33.7 155.1L11.52 135.3C4.458 128.1 1.62 119 5.324 110.3C7.592 104.1 10.13 99.79 12.91 94.76L15.95 89.51C18.98 84.46 22.28 79.58 25.82 74.89C31.52 67.34 41.54 64.83 50.53 67.79L78.75 77.09C89.5 68.25 101.7 61.13 114.1 56.15L121 27.08C122.1 17.8 130.2 10.37 139.6 9.231C146.3 8.418 153.1 8 160 8C166.9 8 173.7 8.418 180.4 9.23C189.8 10.37 197 17.8 198.1 27.08L205 56.15C218.3 61.13 230.5 68.25 241.2 77.09L269.5 67.79C278.5 64.83 288.5 67.34 294.2 74.89C297.7 79.56 300.1 84.42 304 89.44L307.1 94.83C309.9 99.84 312.4 105 314.7 110.3C318.4 119 315.5 128.1 308.5 135.3L286.3 155.1zM160 127.1C133.5 127.1 112 149.5 112 175.1C112 202.5 133.5 223.1 160 223.1C186.5 223.1 208 202.5 208 175.1C208 149.5 186.5 127.1 160 127.1zM484.9 478.3C478.1 479.4 471.1 480 464 480C456.9 480 449.9 479.4 443.1 478.3L423.3 500.5C416.1 507.5 407 510.4 398.3 506.7C393 504.4 387.8 501.9 382.8 499.1L377.4 496C372.4 492.1 367.6 489.7 362.9 486.2C355.3 480.5 352.8 470.5 355.8 461.5L365.1 433.2C356.2 422.5 349.1 410.3 344.1 397L315.1 390.1C305.8 389 298.4 381.8 297.2 372.4C296.4 365.7 296 358.9 296 352C296 345.1 296.4 338.3 297.2 331.6C298.4 322.2 305.8 314.1 315.1 313L344.1 306.1C349.1 293.7 356.2 281.5 365.1 270.8L355.8 242.5C352.8 233.5 355.3 223.5 362.9 217.8C367.6 214.3 372.5 210.1 377.5 207.9L382.8 204.9C387.8 202.1 392.1 199.6 398.3 197.3C407 193.6 416.1 196.5 423.3 203.5L443.1 225.7C449.9 224.6 456.9 224 464 224C471.1 224 478.1 224.6 484.9 225.7L504.7 203.5C511 196.5 520.1 193.6 529.7 197.3C535 199.6 540.2 202.1 545.2 204.9L550.5 207.9C555.5 210.1 560.4 214.3 565.1 217.8C572.7 223.5 575.2 233.5 572.2 242.5L562.9 270.8C571.8 281.5 578.9 293.7 583.9 306.1L612.9 313C622.2 314.1 629.6 322.2 630.8 331.6C631.6 338.3 632 345.1 632 352C632 358.9 631.6 365.7 630.8 372.4C629.6 381.8 622.2 389 612.9 390.1L583.9 397C578.9 410.3 571.8 422.5 562.9 433.2L572.2 461.5C575.2 470.5 572.7 480.5 565.1 486.2C560.4 489.7 555.6 492.1 550.6 496L545.2 499.1C540.2 501.9 534.1 504.4 529.7 506.7C520.1 510.4 511 507.5 504.7 500.5L484.9 478.3zM512 352C512 325.5 490.5 304 464 304C437.5 304 416 325.5 416 352C416 378.5 437.5 400 464 400C490.5 400 512 378.5 512 352z\"><\/path><\/svg>\n\t\t\t\t\t\t\t\t\t<\/span>\n\t\t\t\t\t\t\t<\/div>\n\t\t\t\n\n\n<div class=\"wp-block-group is-layout-constrained wp-block-group-is-layout-constrained\">\n<div class=\"wp-block-uagb-advanced-heading uagb-block-990b2fa5\"><h4 class=\"uagb-heading-text\">Auditoria SEO: el primer pas per millorar<\/h4><\/div>\n\n\n\n<p>Realitzem una an\u00e0lisi completa del teu lloc web per detectar errors, oportunitats de millora i ajustar la teva estrat\u00e8gia. L&#039;auditoria SEO t&#039;ofereix un full de ruta clar i personalitzat per augmentar la teva pres\u00e8ncia en l\u00ednia amb sentit i efic\u00e0cia.<\/p>\n<\/div>\n<\/div>\n\n\n\n<div class=\"wp-block-uagb-buttons uagb-buttons__outer-wrap uagb-btn__default-btn uagb-btn-tablet__default-btn uagb-btn-mobile__default-btn uagb-block-9a9e467c\"><div class=\"uagb-buttons__wrap uagb-buttons-layout-wrap\">\n<div class=\"wp-block-uagb-buttons-child uagb-buttons__outer-wrap uagb-block-3892bc41 wp-block-button\"><div class=\"uagb-button__wrapper\"><a class=\"uagb-buttons-repeater wp-block-button__link\" aria-label=\"\" href=\"\/ca\/contacte\/\" rel=\"follow noopener\" target=\"_self\" role=\"button\"><div class=\"uagb-button__link\">Contacte<\/div><\/a><\/div><\/div>\n<\/div><\/div>\n<\/div>\n<\/div>\n<\/div><\/div>","protected":false},"excerpt":{"rendered":"<p>Posicionamiento Web Garraf Destaca en Google y Bing con una web optimizada. Posicionamiento web en Garraf. En cada proyecto de dise\u00f1o web aplico mi experiencia como consultor SEO para que tu negocio aparezca en los primeros resultados de b\u00fasqueda. Te ayudo a ganar visibilidad en Google y Microsoft Bing, atrayendo visitas de calidad que se [&hellip;]<\/p>\n","protected":false},"author":1,"featured_media":0,"parent":58,"menu_order":0,"comment_status":"closed","ping_status":"closed","template":"","meta":{"_uag_custom_page_level_css":"","site-sidebar-layout":"default","site-content-layout":"","ast-site-content-layout":"default","site-content-style":"default","site-sidebar-style":"default","ast-global-header-display":"","ast-banner-title-visibility":"","ast-main-header-display":"","ast-hfb-above-header-display":"","ast-hfb-below-header-display":"","ast-hfb-mobile-header-display":"","site-post-title":"","ast-breadcrumbs-content":"","ast-featured-img":"","footer-sml-layout":"","ast-disable-related-posts":"","theme-transparent-header-meta":"","adv-header-id-meta":"","stick-header-meta":"","header-above-stick-meta":"","header-main-stick-meta":"","header-below-stick-meta":"","astra-migrate-meta-layouts":"set","ast-page-background-enabled":"default","ast-page-background-meta":{"desktop":{"background-color":"var(--ast-global-color-4)","background-image":"","background-repeat":"repeat","background-position":"center center","background-size":"auto","background-attachment":"scroll","background-type":"","background-media":"","overlay-type":"","overlay-color":"","overlay-opacity":"","overlay-gradient":""},"tablet":{"background-color":"","background-image":"","background-repeat":"repeat","background-position":"center center","background-size":"auto","background-attachment":"scroll","background-type":"","background-media":"","overlay-type":"","overlay-color":"","overlay-opacity":"","overlay-gradient":""},"mobile":{"background-color":"","background-image":"","background-repeat":"repeat","background-position":"center center","background-size":"auto","background-attachment":"scroll","background-type":"","background-media":"","overlay-type":"","overlay-color":"","overlay-opacity":"","overlay-gradient":""}},"ast-content-background-meta":{"desktop":{"background-color":"var(--ast-global-color-5)","background-image":"","background-repeat":"repeat","background-position":"center center","background-size":"auto","background-attachment":"scroll","background-type":"","background-media":"","overlay-type":"","overlay-color":"","overlay-opacity":"","overlay-gradient":""},"tablet":{"background-color":"var(--ast-global-color-5)","background-image":"","background-repeat":"repeat","background-position":"center center","background-size":"auto","background-attachment":"scroll","background-type":"","background-media":"","overlay-type":"","overlay-color":"","overlay-opacity":"","overlay-gradient":""},"mobile":{"background-color":"var(--ast-global-color-5)","background-image":"","background-repeat":"repeat","background-position":"center center","background-size":"auto","background-attachment":"scroll","background-type":"","background-media":"","overlay-type":"","overlay-color":"","overlay-opacity":"","overlay-gradient":""}},"footnotes":""},"class_list":["post-3680","page","type-page","status-publish","hentry"],"uagb_featured_image_src":{"full":false,"thumbnail":false,"medium":false,"medium_large":false,"large":false,"1536x1536":false,"2048x2048":false,"trp-custom-language-flag":false},"uagb_author_info":{"display_name":"jhmarina@gmail.com","author_link":"https:\/\/garraf.digital\/ca\/author\/jhmarinagmail-com\/"},"uagb_comment_info":0,"uagb_excerpt":"Posicionamiento Web Garraf Destaca en Google y Bing con una web optimizada. Posicionamiento web en Garraf. En cada proyecto de dise\u00f1o web aplico mi experiencia como consultor SEO para que tu negocio aparezca en los primeros resultados de b\u00fasqueda. Te ayudo a ganar visibilidad en Google y Microsoft Bing, atrayendo visitas de calidad que se&hellip;","_links":{"self":[{"href":"https:\/\/garraf.digital\/ca\/wp-json\/wp\/v2\/pages\/3680","targetHints":{"allow":["GET"]}}],"collection":[{"href":"https:\/\/garraf.digital\/ca\/wp-json\/wp\/v2\/pages"}],"about":[{"href":"https:\/\/garraf.digital\/ca\/wp-json\/wp\/v2\/types\/page"}],"author":[{"embeddable":true,"href":"https:\/\/garraf.digital\/ca\/wp-json\/wp\/v2\/users\/1"}],"replies":[{"embeddable":true,"href":"https:\/\/garraf.digital\/ca\/wp-json\/wp\/v2\/comments?post=3680"}],"version-history":[{"count":5,"href":"https:\/\/garraf.digital\/ca\/wp-json\/wp\/v2\/pages\/3680\/revisions"}],"predecessor-version":[{"id":3699,"href":"https:\/\/garraf.digital\/ca\/wp-json\/wp\/v2\/pages\/3680\/revisions\/3699"}],"up":[{"embeddable":true,"href":"https:\/\/garraf.digital\/ca\/wp-json\/wp\/v2\/pages\/58"}],"wp:attachment":[{"href":"https:\/\/garraf.digital\/ca\/wp-json\/wp\/v2\/media?parent=3680"}],"curies":[{"name":"wp","href":"https:\/\/api.w.org\/{rel}","templated":true}]}}