{"id":3759,"date":"2025-06-17T10:17:15","date_gmt":"2025-06-17T10:17:15","guid":{"rendered":"https:\/\/garraf.digital\/?page_id=3759"},"modified":"2025-06-17T10:17:52","modified_gmt":"2025-06-17T10:17:52","slug":"mapa-del-lloc","status":"publish","type":"page","link":"https:\/\/garraf.digital\/ca\/mapa-del-sitio\/","title":{"rendered":"Mapa del lloc"},"content":{"rendered":"<div class=\"wp-block-uagb-advanced-heading uagb-block-22f65be8\"><h1 class=\"uagb-heading-text\">Mapa del Lloc<\/h1><\/div>\n\n\n<div class=\"rank-math-html-sitemap\"><div class=\"rank-math-html-sitemap__section rank-math-html-sitemap__section--post-type rank-math-html-sitemap__section--page\"><h2 class=\"rank-math-html-sitemap__title\">P\u00e0gines<\/h2><ul class=\"rank-math-html-sitemap__list\"><li class=\"rank-math-html-sitemap__item\"><a href=\"https:\/\/garraf.digital\/ca\/assessoria-villanova\/\" class=\"rank-math-html-sitemap__link\">Assessoria Villanova<\/a> <span class=\"rank-math-html-sitemap__date\">(juliol 8, 2025)<\/span><\/li><li class=\"rank-math-html-sitemap__item\"><a href=\"https:\/\/garraf.digital\/ca\/mapa-del-lloc\/\" class=\"rank-math-html-sitemap__link\">Mapa del lloc<\/a> <span class=\"rank-math-html-sitemap__date\">(juny 17, 2025)<\/span><\/li><li class=\"rank-math-html-sitemap__item\"><a href=\"https:\/\/garraf.digital\/ca\/\" class=\"rank-math-html-sitemap__link\">Ag\u00e8ncia de disseny web, m\u00e0rqueting online a Vilanova i la Geltr\u00fa<\/a> <span class=\"rank-math-html-sitemap__date\">(juny 4, 2025)<\/span><\/li><li class=\"rank-math-html-sitemap__item\"><a href=\"https:\/\/garraf.digital\/ca\/projectes\/\" class=\"rank-math-html-sitemap__link\">Projectes<\/a> <span class=\"rank-math-html-sitemap__date\">(juny 4, 2025)<\/span><ul class=\"rank-math-html-sitemap__list\"><li class=\"rank-math-html-sitemap__item\"><a href=\"https:\/\/garraf.digital\/ca\/projectes\/ziba-banys\/\" class=\"rank-math-html-sitemap__link\">Ziba Banys<\/a> <span class=\"rank-math-html-sitemap__date\">(juny 10, 2025)<\/span><\/li><li class=\"rank-math-html-sitemap__item\"><a href=\"https:\/\/garraf.digital\/ca\/projectes\/fusteria-cid\/\" class=\"rank-math-html-sitemap__link\">Fusteria i Ebenisteria Cid<\/a> <span class=\"rank-math-html-sitemap__date\">(juny 10, 2025)<\/span><\/li><li class=\"rank-math-html-sitemap__item\"><a href=\"https:\/\/garraf.digital\/ca\/projectes\/reformes-vilop\/\" class=\"rank-math-html-sitemap__link\">Reformes Vilop<\/a> <span class=\"rank-math-html-sitemap__date\">(juny 10, 2025)<\/span><\/li><li class=\"rank-math-html-sitemap__item\"><a href=\"https:\/\/garraf.digital\/ca\/projectes\/vendanex\/\" class=\"rank-math-html-sitemap__link\">Ventanex<\/a> <span class=\"rank-math-html-sitemap__date\">(juny 9, 2025)<\/span><\/li><\/ul><\/li><li class=\"rank-math-html-sitemap__item\"><a href=\"https:\/\/garraf.digital\/ca\/serveis\/\" class=\"rank-math-html-sitemap__link\">Serveis<\/a> <span class=\"rank-math-html-sitemap__date\">(juny 4, 2025)<\/span><ul class=\"rank-math-html-sitemap__list\"><li class=\"rank-math-html-sitemap__item\"><a href=\"https:\/\/garraf.digital\/ca\/serveis\/posicionament-web-garraf\/\" class=\"rank-math-html-sitemap__link\">Posicionament Web Garraf<\/a> <span class=\"rank-math-html-sitemap__date\">(juny 12, 2025)<\/span><\/li><li class=\"rank-math-html-sitemap__item\"><a href=\"https:\/\/garraf.digital\/ca\/serveis\/disseny-web-garraf\/\" class=\"rank-math-html-sitemap__link\">Disseny Web Garraf<\/a> <span class=\"rank-math-html-sitemap__date\">(juny 11, 2025)<\/span><\/li><\/ul><\/li><li class=\"rank-math-html-sitemap__item\"><a href=\"https:\/\/garraf.digital\/ca\/sobre-mi\/\" class=\"rank-math-html-sitemap__link\">Sobre mi<\/a> <span class=\"rank-math-html-sitemap__date\">(juny 4, 2025)<\/span><\/li><li class=\"rank-math-html-sitemap__item\"><a href=\"https:\/\/garraf.digital\/ca\/contacte\/\" class=\"rank-math-html-sitemap__link\">Contacte<\/a> <span class=\"rank-math-html-sitemap__date\">(juny 4, 2025)<\/span><\/li><\/ul><\/div><\/div>","protected":false},"excerpt":{"rendered":"<p>Mapa del Lloc<\/p>","protected":false},"author":1,"featured_media":0,"parent":0,"menu_order":0,"comment_status":"closed","ping_status":"closed","template":"","meta":{"_uag_custom_page_level_css":"","site-sidebar-layout":"default","site-content-layout":"","ast-site-content-layout":"default","site-content-style":"default","site-sidebar-style":"default","ast-global-header-display":"","ast-banner-title-visibility":"","ast-main-header-display":"","ast-hfb-above-header-display":"","ast-hfb-below-header-display":"","ast-hfb-mobile-header-display":"","site-post-title":"","ast-breadcrumbs-content":"","ast-featured-img":"","footer-sml-layout":"","ast-disable-related-posts":"","theme-transparent-header-meta":"","adv-header-id-meta":"","stick-header-meta":"","header-above-stick-meta":"","header-main-stick-meta":"","header-below-stick-meta":"","astra-migrate-meta-layouts":"set","ast-page-background-enabled":"default","ast-page-background-meta":{"desktop":{"background-color":"var(--ast-global-color-4)","background-image":"","background-repeat":"repeat","background-position":"center center","background-size":"auto","background-attachment":"scroll","background-type":"","background-media":"","overlay-type":"","overlay-color":"","overlay-opacity":"","overlay-gradient":""},"tablet":{"background-color":"","background-image":"","background-repeat":"repeat","background-position":"center center","background-size":"auto","background-attachment":"scroll","background-type":"","background-media":"","overlay-type":"","overlay-color":"","overlay-opacity":"","overlay-gradient":""},"mobile":{"background-color":"","background-image":"","background-repeat":"repeat","background-position":"center center","background-size":"auto","background-attachment":"scroll","background-type":"","background-media":"","overlay-type":"","overlay-color":"","overlay-opacity":"","overlay-gradient":""}},"ast-content-background-meta":{"desktop":{"background-color":"var(--ast-global-color-5)","background-image":"","background-repeat":"repeat","background-position":"center center","background-size":"auto","background-attachment":"scroll","background-type":"","background-media":"","overlay-type":"","overlay-color":"","overlay-opacity":"","overlay-gradient":""},"tablet":{"background-color":"var(--ast-global-color-5)","background-image":"","background-repeat":"repeat","background-position":"center center","background-size":"auto","background-attachment":"scroll","background-type":"","background-media":"","overlay-type":"","overlay-color":"","overlay-opacity":"","overlay-gradient":""},"mobile":{"background-color":"var(--ast-global-color-5)","background-image":"","background-repeat":"repeat","background-position":"center center","background-size":"auto","background-attachment":"scroll","background-type":"","background-media":"","overlay-type":"","overlay-color":"","overlay-opacity":"","overlay-gradient":""}},"footnotes":""},"class_list":["post-3759","page","type-page","status-publish","hentry"],"uagb_featured_image_src":{"full":false,"thumbnail":false,"medium":false,"medium_large":false,"large":false,"1536x1536":false,"2048x2048":false,"trp-custom-language-flag":false},"uagb_author_info":{"display_name":"jhmarina@gmail.com","author_link":"https:\/\/garraf.digital\/ca\/author\/jhmarinagmail-com\/"},"uagb_comment_info":0,"uagb_excerpt":"Mapa del Sitio","_links":{"self":[{"href":"https:\/\/garraf.digital\/ca\/wp-json\/wp\/v2\/pages\/3759","targetHints":{"allow":["GET"]}}],"collection":[{"href":"https:\/\/garraf.digital\/ca\/wp-json\/wp\/v2\/pages"}],"about":[{"href":"https:\/\/garraf.digital\/ca\/wp-json\/wp\/v2\/types\/page"}],"author":[{"embeddable":true,"href":"https:\/\/garraf.digital\/ca\/wp-json\/wp\/v2\/users\/1"}],"replies":[{"embeddable":true,"href":"https:\/\/garraf.digital\/ca\/wp-json\/wp\/v2\/comments?post=3759"}],"version-history":[{"count":3,"href":"https:\/\/garraf.digital\/ca\/wp-json\/wp\/v2\/pages\/3759\/revisions"}],"predecessor-version":[{"id":3763,"href":"https:\/\/garraf.digital\/ca\/wp-json\/wp\/v2\/pages\/3759\/revisions\/3763"}],"wp:attachment":[{"href":"https:\/\/garraf.digital\/ca\/wp-json\/wp\/v2\/media?parent=3759"}],"curies":[{"name":"wp","href":"https:\/\/api.w.org\/{rel}","templated":true}]}}