{"id":60,"date":"2025-06-04T14:30:21","date_gmt":"2025-06-04T14:30:21","guid":{"rendered":"https:\/\/garraf.digital\/about-us\/"},"modified":"2026-03-23T22:15:29","modified_gmt":"2026-03-23T22:15:29","slug":"sobre-mi","status":"publish","type":"page","link":"https:\/\/garraf.digital\/ca\/sobre-mi\/","title":{"rendered":"Sobre mi"},"content":{"rendered":"<div class=\"wp-block-uagb-container uagb-block-508c85e6 alignfull uagb-is-root-container\"><div class=\"uagb-container-inner-blocks-wrap\">\n<div class=\"wp-block-uagb-container uagb-block-1b47610a alignfull uagb-is-root-container\"><div class=\"uagb-container-inner-blocks-wrap\">\n<div class=\"wp-block-uagb-container uagb-layout-grid uagb-block-264b9815\">\n<div class=\"wp-block-group is-layout-constrained wp-block-group-is-layout-constrained\">\n<div class=\"wp-block-uagb-advanced-heading uagb-block-dea4da72\"><p class=\"uagb-heading-text\">Qui s\u00f3c<\/p><\/div>\n\n\n\n<div class=\"wp-block-uagb-advanced-heading uagb-block-f960ca7f\"><h1 class=\"uagb-heading-text\">Dissenyador Web i Consultor SEO al Garraf i Online<\/h1><\/div>\n\n\n\n<p>S\u00f3c Jes\u00fas, consultor web amb base a Vilanova i la Geltr\u00fa, i el responsable de tot all\u00f2 que veus a garraf.digital. Ser\u00e9 el teu \u00fanic interlocutor durant tot el proc\u00e9s: disseny, desenvolupament, posicionament i estrat\u00e8gia. Treballo amb cada client de forma propera i personalitzada, com si el seu projecte fos propi.<\/p>\n\n\n\n<div class=\"wp-block-uagb-container uagb-layout-flex uagb-block-7b1f00f3\">\n<div class=\"wp-block-group is-layout-constrained wp-block-group-is-layout-constrained\">\n<p>Fa anys que est\u00e0 vinculat al m\u00f3n empresarial com a dissenyador, desenvolupador i cap de projecte. Aquesta experi\u00e8ncia em permet entendre les necessitats reals de pimes, aut\u00f2noms i professionals que volen destacar a Internet sense complicacions.<\/p>\n\n\n\n<p>El meu perfil combina formaci\u00f3 t\u00e8cnica i visi\u00f3 estrat\u00e8gica: s\u00f3c dissenyador web, consultor SEO i especialista en posicionament en cercadors com Google i Bing. Conec com naveguen els usuaris, com pensen els clients potencials i quins factors determinen que una web converteixi o no.<\/p>\n\n\n\n<p>Al llarg de la meva traject\u00f2ria tamb\u00e9 he col\u00b7laborat amb ag\u00e8ncies i empreses internacionals, ajudant marques de diferents sectors a cr\u00e9ixer digitalment. Ara poso tota aquesta experi\u00e8ncia al servei de negocis locals i projectes globals que cerquen resultats reals.<\/p>\n\n\n\n<p>Si tu creus al teu negoci, jo tamb\u00e9. T&#039;ajudar\u00e9 a fer-ho visible, rellevant i rendible a l&#039;entorn digital.<\/p>\n<\/div>\n<\/div>\n<\/div>\n\n\n\n<div class=\"wp-block-uagb-container uagb-block-1e2cf294\">\n<div class=\"wp-block-uagb-image uagb-block-aaa81634 wp-block-uagb-image--layout-default wp-block-uagb-image--effect-static wp-block-uagb-image--align-none\"><figure class=\"wp-block-uagb-image__figure\"><img decoding=\"async\" srcset=\"https:\/\/garraf.digital\/wp-content\/uploads\/2025\/09\/jesus.png ,https:\/\/garraf.digital\/wp-content\/uploads\/2025\/09\/jesus-826x1024.png 780w, https:\/\/garraf.digital\/wp-content\/uploads\/2025\/09\/jesus.png 360w\" sizes=\"auto, (max-width: 480px) 150px\" src=\"https:\/\/garraf.digital\/wp-content\/uploads\/2025\/09\/jesus.png\" alt=\"\" class=\"uag-image-3788\" width=\"863\" height=\"1070\" title=\"Jes\u00fas\" loading=\"lazy\" role=\"img\"\/><\/figure><\/div>\n\n\n\n<div class=\"wp-block-uagb-buttons uagb-buttons__outer-wrap uagb-btn__default-btn uagb-btn-tablet__default-btn uagb-btn-mobile__default-btn uagb-block-9a9e467c\"><div class=\"uagb-buttons__wrap uagb-buttons-layout-wrap\">\n<div class=\"wp-block-uagb-buttons-child uagb-buttons__outer-wrap uagb-block-3892bc41 wp-block-button\"><div class=\"uagb-button__wrapper\"><a class=\"uagb-buttons-repeater wp-block-button__link\" aria-label=\"\" href=\"\/ca\/contacte\/\" rel=\"follow noopener\" target=\"_self\" role=\"button\"><div class=\"uagb-button__link\">Contacte<\/div><\/a><\/div><\/div>\n<\/div><\/div>\n<\/div>\n<\/div>\n<\/div><\/div>\n<\/div><\/div>","protected":false},"excerpt":{"rendered":"<p>Qui\u00e9n soy Dise\u00f1ador Web y Consultor SEO en el Garraf y Online Soy Jes\u00fas, consultor web con base en Vilanova i la Geltr\u00fa, y el responsable de todo lo que ves en garraf.digital. Ser\u00e9 tu \u00fanico interlocutor durante todo el proceso: dise\u00f1o, desarrollo, posicionamiento y estrategia. Trabajo con cada cliente de forma cercana y personalizada, [&hellip;]<\/p>\n","protected":false},"author":1,"featured_media":0,"parent":0,"menu_order":0,"comment_status":"closed","ping_status":"closed","template":"","meta":{"_uag_custom_page_level_css":"","site-sidebar-layout":"default","site-content-layout":"","ast-site-content-layout":"default","site-content-style":"default","site-sidebar-style":"default","ast-global-header-display":"","ast-banner-title-visibility":"","ast-main-header-display":"","ast-hfb-above-header-display":"","ast-hfb-below-header-display":"","ast-hfb-mobile-header-display":"","site-post-title":"disabled","ast-breadcrumbs-content":"","ast-featured-img":"","footer-sml-layout":"","ast-disable-related-posts":"","theme-transparent-header-meta":"enabled","adv-header-id-meta":"","stick-header-meta":"","header-above-stick-meta":"","header-main-stick-meta":"","header-below-stick-meta":"","astra-migrate-meta-layouts":"set","ast-page-background-enabled":"default","ast-page-background-meta":{"desktop":{"background-color":"var(--ast-global-color-4)","background-image":"","background-repeat":"repeat","background-position":"center center","background-size":"auto","background-attachment":"scroll","background-type":"","background-media":"","overlay-type":"","overlay-color":"","overlay-opacity":"","overlay-gradient":""},"tablet":{"background-color":"","background-image":"","background-repeat":"repeat","background-position":"center center","background-size":"auto","background-attachment":"scroll","background-type":"","background-media":"","overlay-type":"","overlay-color":"","overlay-opacity":"","overlay-gradient":""},"mobile":{"background-color":"","background-image":"","background-repeat":"repeat","background-position":"center center","background-size":"auto","background-attachment":"scroll","background-type":"","background-media":"","overlay-type":"","overlay-color":"","overlay-opacity":"","overlay-gradient":""}},"ast-content-background-meta":{"desktop":{"background-color":"var(--ast-global-color-5)","background-image":"","background-repeat":"repeat","background-position":"center center","background-size":"auto","background-attachment":"scroll","background-type":"","background-media":"","overlay-type":"","overlay-color":"","overlay-opacity":"","overlay-gradient":""},"tablet":{"background-color":"var(--ast-global-color-5)","background-image":"","background-repeat":"repeat","background-position":"center center","background-size":"auto","background-attachment":"scroll","background-type":"","background-media":"","overlay-type":"","overlay-color":"","overlay-opacity":"","overlay-gradient":""},"mobile":{"background-color":"var(--ast-global-color-5)","background-image":"","background-repeat":"repeat","background-position":"center center","background-size":"auto","background-attachment":"scroll","background-type":"","background-media":"","overlay-type":"","overlay-color":"","overlay-opacity":"","overlay-gradient":""}},"footnotes":""},"class_list":["post-60","page","type-page","status-publish","hentry"],"uagb_featured_image_src":{"full":false,"thumbnail":false,"medium":false,"medium_large":false,"large":false,"1536x1536":false,"2048x2048":false,"trp-custom-language-flag":false},"uagb_author_info":{"display_name":"jhmarina@gmail.com","author_link":"https:\/\/garraf.digital\/ca\/author\/jhmarinagmail-com\/"},"uagb_comment_info":0,"uagb_excerpt":"Qui\u00e9n soy Dise\u00f1ador Web y Consultor SEO en el Garraf y Online Soy Jes\u00fas, consultor web con base en Vilanova i la Geltr\u00fa, y el responsable de todo lo que ves en garraf.digital. Ser\u00e9 tu \u00fanico interlocutor durante todo el proceso: dise\u00f1o, desarrollo, posicionamiento y estrategia. Trabajo con cada cliente de forma cercana y personalizada,&hellip;","_links":{"self":[{"href":"https:\/\/garraf.digital\/ca\/wp-json\/wp\/v2\/pages\/60","targetHints":{"allow":["GET"]}}],"collection":[{"href":"https:\/\/garraf.digital\/ca\/wp-json\/wp\/v2\/pages"}],"about":[{"href":"https:\/\/garraf.digital\/ca\/wp-json\/wp\/v2\/types\/page"}],"author":[{"embeddable":true,"href":"https:\/\/garraf.digital\/ca\/wp-json\/wp\/v2\/users\/1"}],"replies":[{"embeddable":true,"href":"https:\/\/garraf.digital\/ca\/wp-json\/wp\/v2\/comments?post=60"}],"version-history":[{"count":23,"href":"https:\/\/garraf.digital\/ca\/wp-json\/wp\/v2\/pages\/60\/revisions"}],"predecessor-version":[{"id":3983,"href":"https:\/\/garraf.digital\/ca\/wp-json\/wp\/v2\/pages\/60\/revisions\/3983"}],"wp:attachment":[{"href":"https:\/\/garraf.digital\/ca\/wp-json\/wp\/v2\/media?parent=60"}],"curies":[{"name":"wp","href":"https:\/\/api.w.org\/{rel}","templated":true}]}}