{"id":60,"date":"2025-06-04T14:30:21","date_gmt":"2025-06-04T14:30:21","guid":{"rendered":"https:\/\/garraf.digital\/about-us\/"},"modified":"2026-03-23T22:15:29","modified_gmt":"2026-03-23T22:15:29","slug":"about-me","status":"publish","type":"page","link":"https:\/\/garraf.digital\/en\/sobre-mi\/","title":{"rendered":"About me"},"content":{"rendered":"<div class=\"wp-block-uagb-container uagb-block-508c85e6 alignfull uagb-is-root-container\"><div class=\"uagb-container-inner-blocks-wrap\">\n<div class=\"wp-block-uagb-container uagb-block-1b47610a alignfull uagb-is-root-container\"><div class=\"uagb-container-inner-blocks-wrap\">\n<div class=\"wp-block-uagb-container uagb-layout-grid uagb-block-264b9815\">\n<div class=\"wp-block-group is-layout-constrained wp-block-group-is-layout-constrained\">\n<div class=\"wp-block-uagb-advanced-heading uagb-block-dea4da72\"><p class=\"uagb-heading-text\">Who I am<\/p><\/div>\n\n\n\n<div class=\"wp-block-uagb-advanced-heading uagb-block-f960ca7f\"><h1 class=\"uagb-heading-text\">Web Designer and SEO Consultant in Garraf and Online<\/h1><\/div>\n\n\n\n<p>I'm Jes\u00fas, a web consultant based in Vilanova i la Geltr\u00fa, and I'm responsible for everything you see in garraf.digital. I will be your sole interlocutor throughout the whole process: design, development, positioning and strategy. I work with each client in a close and personalised way, as if their project were my own.<\/p>\n\n\n\n<div class=\"wp-block-uagb-container uagb-layout-flex uagb-block-7b1f00f3\">\n<div class=\"wp-block-group is-layout-constrained wp-block-group-is-layout-constrained\">\n<p>I have been linked to the business world for years as a designer, developer and project manager. This experience allows me to understand the real needs of SMEs, freelancers and professionals who want to stand out on the internet without complications.<\/p>\n\n\n\n<p>My profile combines technical training and strategic vision: I am a web designer, SEO consultant and specialist in search engine positioning such as Google and Bing. I know how users navigate, how potential customers think and what factors determine whether a website converts or not. I have worked on projects with tens of thousands of users, and I know which paths work - and which don't - to generate business from a website.<\/p>\n\n\n\n<p>Throughout my career I have also collaborated with international agencies and companies, helping brands from different sectors to grow digitally. Now I put all that experience at the service of local businesses and global projects that are looking for real results.<\/p>\n\n\n\n<p>If you believe in your business, I believe in your business. I will help you make it visible, relevant and profitable in the digital environment.<\/p>\n<\/div>\n<\/div>\n<\/div>\n\n\n\n<div class=\"wp-block-uagb-container uagb-block-1e2cf294\">\n<div class=\"wp-block-uagb-image uagb-block-aaa81634 wp-block-uagb-image--layout-default wp-block-uagb-image--effect-static wp-block-uagb-image--align-none\"><figure class=\"wp-block-uagb-image__figure\"><img decoding=\"async\" srcset=\"https:\/\/garraf.digital\/wp-content\/uploads\/2025\/09\/jesus.png ,https:\/\/garraf.digital\/wp-content\/uploads\/2025\/09\/jesus-826x1024.png 780w, https:\/\/garraf.digital\/wp-content\/uploads\/2025\/09\/jesus.png 360w\" sizes=\"auto, (max-width: 480px) 150px\" src=\"https:\/\/garraf.digital\/wp-content\/uploads\/2025\/09\/jesus.png\" alt=\"\" class=\"uag-image-3788\" width=\"863\" height=\"1070\" title=\"jesus\" loading=\"lazy\" role=\"img\"\/><\/figure><\/div>\n\n\n\n<div class=\"wp-block-uagb-buttons uagb-buttons__outer-wrap uagb-btn__default-btn uagb-btn-tablet__default-btn uagb-btn-mobile__default-btn uagb-block-9a9e467c\"><div class=\"uagb-buttons__wrap uagb-buttons-layout-wrap\">\n<div class=\"wp-block-uagb-buttons-child uagb-buttons__outer-wrap uagb-block-3892bc41 wp-block-button\"><div class=\"uagb-button__wrapper\"><a class=\"uagb-buttons-repeater wp-block-button__link\" aria-label=\"\" href=\"\/en\/contact\/\" rel=\"follow noopener\" target=\"_self\" role=\"button\"><div class=\"uagb-button__link\">Contact<\/div><\/a><\/div><\/div>\n<\/div><\/div>\n<\/div>\n<\/div>\n<\/div><\/div>\n<\/div><\/div>","protected":false},"excerpt":{"rendered":"<p>Qui\u00e9n soy Dise\u00f1ador Web y Consultor SEO en el Garraf y Online Soy Jes\u00fas, consultor web con base en Vilanova i la Geltr\u00fa, y el responsable de todo lo que ves en garraf.digital. Ser\u00e9 tu \u00fanico interlocutor durante todo el proceso: dise\u00f1o, desarrollo, posicionamiento y estrategia. Trabajo con cada cliente de forma cercana y personalizada, [&hellip;]<\/p>\n","protected":false},"author":1,"featured_media":0,"parent":0,"menu_order":0,"comment_status":"closed","ping_status":"closed","template":"","meta":{"_uag_custom_page_level_css":"","site-sidebar-layout":"default","site-content-layout":"","ast-site-content-layout":"default","site-content-style":"default","site-sidebar-style":"default","ast-global-header-display":"","ast-banner-title-visibility":"","ast-main-header-display":"","ast-hfb-above-header-display":"","ast-hfb-below-header-display":"","ast-hfb-mobile-header-display":"","site-post-title":"disabled","ast-breadcrumbs-content":"","ast-featured-img":"","footer-sml-layout":"","ast-disable-related-posts":"","theme-transparent-header-meta":"enabled","adv-header-id-meta":"","stick-header-meta":"","header-above-stick-meta":"","header-main-stick-meta":"","header-below-stick-meta":"","astra-migrate-meta-layouts":"set","ast-page-background-enabled":"default","ast-page-background-meta":{"desktop":{"background-color":"var(--ast-global-color-4)","background-image":"","background-repeat":"repeat","background-position":"center center","background-size":"auto","background-attachment":"scroll","background-type":"","background-media":"","overlay-type":"","overlay-color":"","overlay-opacity":"","overlay-gradient":""},"tablet":{"background-color":"","background-image":"","background-repeat":"repeat","background-position":"center center","background-size":"auto","background-attachment":"scroll","background-type":"","background-media":"","overlay-type":"","overlay-color":"","overlay-opacity":"","overlay-gradient":""},"mobile":{"background-color":"","background-image":"","background-repeat":"repeat","background-position":"center center","background-size":"auto","background-attachment":"scroll","background-type":"","background-media":"","overlay-type":"","overlay-color":"","overlay-opacity":"","overlay-gradient":""}},"ast-content-background-meta":{"desktop":{"background-color":"var(--ast-global-color-5)","background-image":"","background-repeat":"repeat","background-position":"center center","background-size":"auto","background-attachment":"scroll","background-type":"","background-media":"","overlay-type":"","overlay-color":"","overlay-opacity":"","overlay-gradient":""},"tablet":{"background-color":"var(--ast-global-color-5)","background-image":"","background-repeat":"repeat","background-position":"center center","background-size":"auto","background-attachment":"scroll","background-type":"","background-media":"","overlay-type":"","overlay-color":"","overlay-opacity":"","overlay-gradient":""},"mobile":{"background-color":"var(--ast-global-color-5)","background-image":"","background-repeat":"repeat","background-position":"center center","background-size":"auto","background-attachment":"scroll","background-type":"","background-media":"","overlay-type":"","overlay-color":"","overlay-opacity":"","overlay-gradient":""}},"footnotes":""},"class_list":["post-60","page","type-page","status-publish","hentry"],"uagb_featured_image_src":{"full":false,"thumbnail":false,"medium":false,"medium_large":false,"large":false,"1536x1536":false,"2048x2048":false,"trp-custom-language-flag":false},"uagb_author_info":{"display_name":"jhmarina@gmail.com","author_link":"https:\/\/garraf.digital\/en\/author\/jhmarinagmail-com\/"},"uagb_comment_info":0,"uagb_excerpt":"Qui\u00e9n soy Dise\u00f1ador Web y Consultor SEO en el Garraf y Online Soy Jes\u00fas, consultor web con base en Vilanova i la Geltr\u00fa, y el responsable de todo lo que ves en garraf.digital. Ser\u00e9 tu \u00fanico interlocutor durante todo el proceso: dise\u00f1o, desarrollo, posicionamiento y estrategia. Trabajo con cada cliente de forma cercana y personalizada,&hellip;","_links":{"self":[{"href":"https:\/\/garraf.digital\/en\/wp-json\/wp\/v2\/pages\/60","targetHints":{"allow":["GET"]}}],"collection":[{"href":"https:\/\/garraf.digital\/en\/wp-json\/wp\/v2\/pages"}],"about":[{"href":"https:\/\/garraf.digital\/en\/wp-json\/wp\/v2\/types\/page"}],"author":[{"embeddable":true,"href":"https:\/\/garraf.digital\/en\/wp-json\/wp\/v2\/users\/1"}],"replies":[{"embeddable":true,"href":"https:\/\/garraf.digital\/en\/wp-json\/wp\/v2\/comments?post=60"}],"version-history":[{"count":23,"href":"https:\/\/garraf.digital\/en\/wp-json\/wp\/v2\/pages\/60\/revisions"}],"predecessor-version":[{"id":3983,"href":"https:\/\/garraf.digital\/en\/wp-json\/wp\/v2\/pages\/60\/revisions\/3983"}],"wp:attachment":[{"href":"https:\/\/garraf.digital\/en\/wp-json\/wp\/v2\/media?parent=60"}],"curies":[{"name":"wp","href":"https:\/\/api.w.org\/{rel}","templated":true}]}}